{"id":3,"date":"2020-06-23T12:21:52","date_gmt":"2020-06-23T10:21:52","guid":{"rendered":"https:\/\/alpedisusi.it\/it\/?page_id=3"},"modified":"2026-01-03T11:00:48","modified_gmt":"2026-01-03T10:00:48","slug":"protezione-dati","status":"publish","type":"page","link":"https:\/\/alpedisusi.it\/it\/protezione-dati\/","title":{"rendered":"Protezione dati"},"content":{"rendered":"\r\n<p>Nome e contatto del titolare<br \/>ai sensi dell&#8217;art. 13 del Regolamento UE 2016\/679 GDPR<\/p>\r\n<p>Alpe di Susi<br \/>CLAWI SRL<\/p>\r\n<p>Birgit Oberkofler<br \/>via Panider n. 15, 39040 Castelrotto, Alto Adige, Italia<\/p>\r\n<p>T +39 338 7204492<br \/><a href=\"mailto:info@alpedisusi.it\">info@alpedisusi.it<\/a><\/p>\r\n<p>&nbsp;<\/p>\r\n<p>Informativa sul trattamento dei dati personali<br \/>Sicurezza e protezione dei tuoi dati personali<\/p>\r\n<p>La protezione dei dati dell&#8217;utente \u00e8 la nostra priorit\u00e0. Per questo motivo raccogliamo i dati nel rispetto della normativa vigente. La presente informativa sulla privacy illustra gli aspetti pi\u00f9 importanti riguardo all&#8217;utilizzo dei dati sul nostro sito web (ai sensi dell&#8217;art. 13 del Regolamento UE 2016\/679 GDPR).<\/p>\r\n<p>Definizioni<br \/>Il nostro trattamento sar\u00e0 improntato ai principi di correttezza, liceit\u00e0, trasparenza e di tutela della riservatezza e dei diritti dell\u2019interessato. I dati personali conferiti verranno trattati in accordo alle disposizioni legislative. Ai fini del presente regolamento s&#8217;intende per:<\/p>\r\n<p>1. dato personale<br \/>&#8222;dato personale&#8220; qualsiasi informazione riguardante una persona fisica identificata o identificabile (&#8222;interessato&#8220;); si considera identificabile la persona fisica che pu\u00f2 essere identificata, direttamente o indirettamente, con particolare riferimento a un identificativo come il nome, un numero di identificazione, dati relativi all&#8217;ubicazione, un identificativo online o a uno o pi\u00f9 elementi caratteristici della sua identit\u00e0 fisica, fisiologica, genetica, psichica, economica, culturale o sociale.<\/p>\r\n<p>2. trattamento<br \/>&#8222;trattamento&#8220; qualsiasi operazione o insieme di operazioni, compiute con o senza l&#8217;ausilio di processi automatizzati e applicate a dati personali o insiemi di dati personali, come la raccolta, la registrazione, l&#8217;organizzazione, la strutturazione, la conservazione, l&#8217;adattamento o la modifica, l&#8217;estrazione, la consultazione, l&#8217;uso, la comunicazione mediante trasmissione, diffusione o qualsiasi altra forma di messa a disposizione, il raffronto o l&#8217;interconnessione, la limitazione, la cancellazione o la distruzione.<\/p>\r\n<p>3. limitazione di trattamento<br \/>&#8222;limitazione di trattamento&#8220; il contrassegno dei dati personali conservati con l&#8217;obiettivo di limitarne il trattamento in futuro.<\/p>\r\n<p>4. profilazione<br \/>&#8222;profilazione&#8220; qualsiasi forma di trattamento automatizzato di dati personali consistente nell&#8217;utilizzo di tali dati personali per valutare determinati aspetti personali relativi a una persona fisica, in particolare per analizzare o prevedere aspetti riguardanti il rendimento professionale, la situazione economica, la salute, le preferenze personali, gli interessi, l&#8217;affidabilit\u00e0, il comportamento, l&#8217;ubicazione o gli spostamenti di detta persona fisica.<\/p>\r\n<p>5. pseudonimizzazione<br \/>&#8222;pseudonimizzazione&#8220; il trattamento dei dati personali in modo tale che i dati personali non possano pi\u00f9 essere attribuiti a un interessato specifico senza l&#8217;utilizzo di informazioni aggiuntive, a condizione che tali informazioni aggiuntive siano conservate separatamente e soggette a misure tecniche e organizzative intese a garantire che tali dati personali non siano attribuiti a una persona fisica identificata o identificabile.<\/p>\r\n<p>6. archivio<br \/>&#8222;archivio&#8220; qualsiasi insieme strutturato di dati personali accessibili secondo criteri determinati, indipendentemente dal fatto che tale insieme sia centralizzato, decentralizzato o ripartito in modo funzionale o geografico.<\/p>\r\n<p>7. titolare del trattamento<br \/>&#8222;titolare del trattamento&#8220; la persona fisica o giuridica, l&#8217;autorit\u00e0 pubblica, il servizio o altro organismo che, singolarmente o insieme ad altri, determina le finalit\u00e0 e i mezzi del trattamento di dati personali; quando le finalit\u00e0 e i mezzi di tale trattamento sono determinati dal diritto dell&#8217;Unione o degli Stati membri, il titolare del trattamento o i criteri specifici applicabili alla sua designazione possono essere stabiliti dal diritto dell&#8217;Unione o degli Stati membri.<\/p>\r\n<p>8. responsabile del trattamento<br \/>&#8222;responsabile del trattamento&#8220; a persona fisica o giuridica, l&#8217;autorit\u00e0 pubblica, il servizio o altro organismo che tratta dati personali per conto del titolare del trattamento.<\/p>\r\n<p>9. destinatario<br \/>&#8222;destinatario&#8220; la persona fisica o giuridica, l&#8217;autorit\u00e0 pubblica, il servizio o un altro organismo che riceve comunicazione di dati personali, che si tratti o meno di terzi. Tuttavia, le autorit\u00e0 pubbliche che possono ricevere comunicazione di dati personali nell&#8217;ambito di una specifica indagine conformemente al diritto dell&#8217;Unione o degli Stati membri non sono considerate destinatari; il trattamento di tali dati da parte di dette autorit\u00e0 pubbliche \u00e8 conforme alle norme applicabili in materia di protezione dei dati secondo le finalit\u00e0 del trattamento.<\/p>\r\n<p>10. terzo<br \/>&#8222;terzo&#8220; la persona fisica o giuridica, l&#8217;autorit\u00e0 pubblica, il servizio o altro organismo che non sia l&#8217;interessato, il titolare del trattamento, il responsabile del trattamento e le persone autorizzate al trattamento dei dati personali sotto l&#8217;autorit\u00e0 diretta del titolare o del responsabile.<\/p>\r\n<p>11. consenso dell&#8217;interessato<br \/>&#8222;consenso dell&#8217;interessato&#8220; qualsiasi manifestazione di volont\u00e0 libera, specifica, informata e inequivocabile dell&#8217;interessato, con la quale lo stesso manifesta il proprio assenso, mediante dichiarazione o azione positiva inequivocabile, che i dati personali che lo riguardano siano oggetto di trattamento.<\/p>\r\n<p>Liceit\u00e0 del trattamento<br \/>Il trattamento \u00e8 lecito solo se e nella misura in cui ricorre almeno una delle seguenti condizioni (articolo 6, paragrafo 1, lettere a \u2013 f, GDPR):<\/p>\r\n<p>a. l&#8217;interessato ha espresso il consenso al trattamento dei propri dati personali per una o pi\u00f9 specifiche finalit\u00e0;<br \/>b. il trattamento \u00e8 necessario all&#8217;esecuzione di un contratto di cui l&#8217;interessato \u00e8 parte o all&#8217;esecuzione di misure precontrattuali adottate su richiesta dello stesso;<br \/>c. il trattamento \u00e8 necessario per adempiere un obbligo legale al quale \u00e8 soggetto il titolare del trattamento;<br \/>d. il trattamento \u00e8 necessario per la salvaguardia degli interessi vitali dell&#8217;interessato o di un&#8217;altra persona fisica;<br \/>e. il trattamento \u00e8 necessario per l&#8217;esecuzione di un compito di interesse pubblico o connesso all&#8217;esercizio di pubblici poteri di cui \u00e8 investito il titolare del trattamento;<br \/>f. il trattamento \u00e8 necessario per il perseguimento del legittimo interesse del titolare del trattamento o di terzi, a condizione che non prevalgano gli interessi o i diritti e le libert\u00e0 fondamentali dell&#8217;interessato che richiedono la protezione dei dati personali, in particolare se l&#8217;interessato \u00e8 un minore.<\/p>\r\n<p>Raccolta di dati personali quando si visita il nostro sito Web<br \/>Fra i dati personali raccolti da questa applicazione, in modo autonomo o tramite terze parti, ci sono (riguarda ai sensi dell&#8217;articolo 6, paragrafo 1, GDPR):<br \/>\u2022 indirizzo IP<br \/>\u2022 data e ora della richiesta<br \/>\u2022 codice di stato HTTP<br \/>\u2022 quantit\u00e0 trasferita di dati<br \/>\u2022 sito da cui proviene la richiesta<br \/>\u2022 browser<br \/>\u2022 sistema operativo<br \/>\u2022 lingua e versione del browser<br \/><br \/><\/p>\r\n<p>Uso dei cookie<br \/>Un cookie \u00e8 un piccolo file di testo che viene memorizzato sul tuo dispositivo (computer, tablet o smartphone) nel momento in cui visiti un determinato sito web. Il testo memorizza informazioni che il sito \u00e8 in grado di leggere nel momento in cui viene consultato in un secondo momento dallo stesso dispositivo. In sostanza, i cookies sono utili perch\u00e9 permettono ad un sito di riconoscere il tuo device. I cookies svolgono diverse funzioni: ti aiutano a navigare tra le varie pagine del sito in maniera pi\u00f9 efficiente, memorizzano le tue preferenze e in generale migliorano la tua esperienza di navigazione.<\/p>\r\n<p>Diritti dell&#8217;interessato<br \/>(1) Diritto di revocare il consenso<br \/>Lei ha il diritto di revocare in qualsiasi momento il consenso al trattamento dei propri dati personali precedentemente espresso.<br \/>(2) Diritto di accesso dell&#8217;interessato<br \/>Lei ha il diritto di ottenere dal titolare del trattamento la conferma che sia o meno in corso un trattamento di dati personali che lo riguardano e in tal caso, di ottenere l&#8217;accesso ai dati personali<br \/>(3) Diritto di rettifica \u00a0<br \/>Lei ha il diritto di ottenere dal titolare del trattamento la rettifica dei dati personali inesatti che lo riguardano senza ingiustificato ritardo. Tenuto conto delle finalit\u00e0 del trattamento, l&#8217;interessato ha il diritto di ottenere l&#8217;integrazione dei dati personali incompleti, anche fornendo una dichiarazione integrativa.<br \/>(4) Diritto alla cancellazione (\u00abdiritto all&#8217;oblio\u00bb)<br \/>Lei ha il diritto di ottenere dal titolare del trattamento la cancellazione dei dati personali che lo riguardano senza ingiustificato ritardo e il titolare del trattamento ha l&#8217;obbligo di cancellare senza ingiustificato ritardo i dati personali<br \/>(5) Diritto di limitazione di trattamento<br \/>Lei ha il diritto di ottenere dal titolare del trattamento la limitazione del trattamento.<br \/>(6) Diritto alla portabilit\u00e0 dei dati<br \/>Lei ha il diritto di ricevere in un formato strutturato, di uso comune e leggibile da dispositivo automatico i dati personali che lo riguardano forniti a un titolare del trattamento e ha il diritto di trasmettere tali dati a un altro titolare del trattamento senza impedimenti da parte del titolare del trattamento cui li ha forniti.<br \/>(7) Diritto di opposizione<br \/>Lei ha il diritto di opporsi in qualsiasi momento, per motivi connessi alla sua situazione particolare, al trattamento dei dati personali che lo riguardano ai sensi dell&#8217;articolo 6, paragrafo 1, lettere e o f, compresa la profilazione sulla base di tali disposizioni. Il titolare del trattamento si astiene dal trattare ulteriormente i dati personali salvo che egli dimostri l&#8217;esistenza di motivi legittimi cogenti per procedere al trattamento che prevalgono sugli interessi, sui diritti e sulle libert\u00e0 dell&#8217;interessato oppure per l&#8217;accertamento, l&#8217;esercizio o la difesa di un diritto in sede giudiziaria.<br \/>(8) Processo decisionale automatizzato relativo alle persone fisiche, compresa la profilazione<br \/>Lei ha il diritto di non essere sottoposto a una decisione basata unicamente sul trattamento automatizzato, compresa la profilazione, che produca effetti giuridici che lo riguardano o che incida in modo analogo significativamente sulla sua persona.<br \/>(9) Il diritto di proporre reclamo<br \/>Lei ha il diritto di proporre un reclamo all&#8217;autorit\u00e0 di controllo della protezione dei dati personali competente o agire in sede giudiziale.<\/p>\r\n<p>Google Analytics<br \/>Questo sito utilizza Google Analytics, un servizio di analisi web fornito da Google, Inc. (\u201cGoogle\u201d). Google Analytics utilizza dei \u201ccookies\u201d, che sono file di testo che vengono depositati sul Vostro computer per consentire al sito web di analizzare come gli utenti utilizzano il sito. Le informazioni generate dal cookie sull\u2019utilizzo del sito web da parte Vostra (compreso il Vostro indirizzo IP) verranno trasmesse e depositate presso i server di Google in Irlanda e\/o negli Stati Uniti. Google utilizzer\u00e0 queste informazioni allo scopo di tracciare e esaminare il Vostro utilizzo del sito web, compilare report sulle attivit\u00e0 del sito web per gli operatori del sito web e fornire altri servizi relativi alle attivit\u00e0 del sito web e all\u2019utilizzo di Internet. Google pu\u00f2 anche trasferire queste informazioni a terzi ove ci\u00f2 sia imposto dalla legge o laddove tali terzi trattino le suddette informazioni per conto di Google. Google non assocer\u00e0 il vostro indirizzo IP a nessun altro dato posseduto da Google. Potete rifiutarvi di usare i cookies selezionando l\u2019impostazione appropriata sul vostro browser. Utilizzando il presente sito web, voi acconsentite al trattamento dei Vostri dati da parte di Google per le modalit\u00e0 e i fini sopraindicati.<br \/>Per ulteriori informazioni, si rinvia al link di seguito indicato: https:\/\/policies.google.com\/privacy\/partners?hl=it.<\/p>\r\n<p>Google AdWords e Google Conversion-Tracking<br \/>Il monitoraggio conversioni di Google AdWords \u00e8 un servizio di statistiche fornito da Google Inc. che collega i dati provenienti dal network di annunci Google AdWords con le azioni compiute all&#8217;interno di questa Applicazione. Privacy Policy di Google: https:\/\/www.google.de\/policies\/privacy\/.<\/p>\r\n<p>YouTube Video<br \/>YouTube \u00e8 un servizio di visualizzazione di contenuti video gestito da Google Inc. che permette a questa Applicazione di integrare tali contenuti all\u2019interno delle proprie pagine. Privacy Policy di Google: https:\/\/www.google.de\/policies\/privacy\/.<br \/>\u00a0<br \/>Google Tag Manager<br \/>Google Tag Manager \u00e8 un servizio di gestione dei tag fornito da Google LLC. Privacy Policy di Google: https:\/\/www.google.de\/policies\/privacy\/.<\/p>\r\n<p>Newsletter<br \/>Iscrivendovi alla nostra newsletter, esprimete il consenso a ricevere regolarmente, tramite lo strumento della newsletter, informazioni. Il consenso all\u2019utilizzo dei propri dati personali pu\u00f2 essere revocato in qualsiasi momento. La revoca pu\u00f2 essere effettuata, per esempio, cliccando sul pulsante per disiscriversi presente in fondo ad ogni newsletter. Subito dopo l\u2019annullamento dell\u2019iscrizione alla newsletter, i dati personali dell\u2019utente vengono immediatamente cancellati dalla nostra mailing list. Tali dati vengono utilizzati esclusivamente per l\u2019invio delle informazioni richieste e non vengono comunicati a terzi.<\/p>\r\n","protected":false},"excerpt":{"rendered":"<p>Nome e contatto del titolareai sensi dell&#8217;art. 13 del Regolamento UE 2016\/679 GDPR Alpe di SusiCLAWI SRL Birgit Oberkoflervia Panider n. 15, 39040 Castelrotto, Alto Adige, Italia T +39 338 7204492info@alpedisusi.it &nbsp; Informativa sul trattamento dei dati personaliSicurezza e protezione dei tuoi dati personali La protezione dei dati dell&#8217;utente \u00e8 la nostra priorit\u00e0. Per questo [&hellip;]<\/p>\n","protected":false},"author":1,"featured_media":0,"parent":0,"menu_order":120,"comment_status":"closed","ping_status":"closed","template":"","meta":{"_acf_changed":false,"footnotes":""},"class_list":["post-3","page","type-page","status-publish","hentry"],"acf":[],"_links":{"self":[{"href":"https:\/\/alpedisusi.it\/it\/wp-json\/wp\/v2\/pages\/3","targetHints":{"allow":["GET"]}}],"collection":[{"href":"https:\/\/alpedisusi.it\/it\/wp-json\/wp\/v2\/pages"}],"about":[{"href":"https:\/\/alpedisusi.it\/it\/wp-json\/wp\/v2\/types\/page"}],"author":[{"embeddable":true,"href":"https:\/\/alpedisusi.it\/it\/wp-json\/wp\/v2\/users\/1"}],"replies":[{"embeddable":true,"href":"https:\/\/alpedisusi.it\/it\/wp-json\/wp\/v2\/comments?post=3"}],"version-history":[{"count":0,"href":"https:\/\/alpedisusi.it\/it\/wp-json\/wp\/v2\/pages\/3\/revisions"}],"wp:attachment":[{"href":"https:\/\/alpedisusi.it\/it\/wp-json\/wp\/v2\/media?parent=3"}],"curies":[{"name":"wp","href":"https:\/\/api.w.org\/{rel}","templated":true}]}}