{"id":40,"date":"2020-06-29T12:35:13","date_gmt":"2020-06-29T10:35:13","guid":{"rendered":"https:\/\/alpedisusi.it\/it\/?page_id=40"},"modified":"2020-09-18T10:31:27","modified_gmt":"2020-09-18T08:31:27","slug":"richieste","status":"publish","type":"page","link":"https:\/\/alpedisusi.it\/it\/richieste\/","title":{"rendered":"Richieste"},"content":{"rendered":"\n<div class=\"wpcf7 no-js\" id=\"wpcf7-f126-o1\" lang=\"de-DE\" dir=\"ltr\" data-wpcf7-id=\"126\">\n<div class=\"screen-reader-response\"><p role=\"status\" aria-live=\"polite\" aria-atomic=\"true\"><\/p> <ul><\/ul><\/div>\n<form action=\"\/it\/wp-json\/wp\/v2\/pages\/40#wpcf7-f126-o1\" method=\"post\" class=\"wpcf7-form init\" aria-label=\"Kontaktformular\" novalidate=\"novalidate\" data-status=\"init\">\n<fieldset class=\"hidden-fields-container\"><input type=\"hidden\" name=\"_wpcf7\" value=\"126\" \/><input type=\"hidden\" name=\"_wpcf7_version\" value=\"6.1.5\" \/><input type=\"hidden\" name=\"_wpcf7_locale\" value=\"de_DE\" \/><input type=\"hidden\" name=\"_wpcf7_unit_tag\" value=\"wpcf7-f126-o1\" \/><input type=\"hidden\" name=\"_wpcf7_container_post\" value=\"0\" \/><input type=\"hidden\" name=\"_wpcf7_posted_data_hash\" value=\"\" \/>\n<\/fieldset>\n<div class=\"zeitraum\">\n\t<h2>1. Scegliere il periodo\n\t<\/h2>\n\t<div class=\"zeitraum1\">\n\t\t<p><label>Arrivo*<br \/>\n<span class=\"wpcf7-form-control-wrap\" data-name=\"date-anreise1\"><input class=\"wpcf7-form-control wpcf7-date wpcf7-validates-as-required wpcf7-validates-as-date\" min=\"2026-04-11\" aria-required=\"true\" aria-invalid=\"false\" placeholder=\"tt.mm.yyyy\" value=\"\" type=\"date\" name=\"date-anreise1\" \/><\/span> <\/label><label> Partenza*<br \/>\n<span class=\"wpcf7-form-control-wrap\" data-name=\"date-abreise1\"><input class=\"wpcf7-form-control wpcf7-date wpcf7-validates-as-required wpcf7-validates-as-date\" min=\"2026-04-11\" aria-required=\"true\" aria-invalid=\"false\" placeholder=\"tt.mm.yyyy\" value=\"\" type=\"date\" name=\"date-abreise1\" \/><\/span><\/label>\n\t\t<\/p>\n\t<\/div>\n\t<div class=\"zeitraum2\">\n\t\t<p><label>Arrivo<br \/>\n<span class=\"wpcf7-form-control-wrap\" data-name=\"date-anreise2\"><input class=\"wpcf7-form-control wpcf7-date wpcf7-validates-as-date\" min=\"2026-04-11\" aria-invalid=\"false\" placeholder=\"tt.mm.yyyy\" value=\"\" type=\"date\" name=\"date-anreise2\" \/><\/span> <\/label><label> Partenza<br \/>\n<span class=\"wpcf7-form-control-wrap\" data-name=\"date-abreise2\"><input class=\"wpcf7-form-control wpcf7-date wpcf7-validates-as-date\" min=\"2026-04-11\" aria-invalid=\"false\" placeholder=\"tt.mm.yyyy\" value=\"\" type=\"date\" name=\"date-abreise2\" \/><\/span><\/label>\n\t\t<\/p>\n\t\t<div class=\"remove\">\n\t\t\t<p>&#xe011;\n\t\t\t<\/p>\n\t\t<\/div>\n\t<\/div>\n\t<div class=\"zeitraum3\">\n\t\t<p><label>Arrivo<br \/>\n<span class=\"wpcf7-form-control-wrap\" data-name=\"date-anreise3\"><input class=\"wpcf7-form-control wpcf7-date wpcf7-validates-as-date\" min=\"2026-04-11\" aria-invalid=\"false\" placeholder=\"tt.mm.yyyy\" value=\"\" type=\"date\" name=\"date-anreise3\" \/><\/span> <\/label><label> Partenza<br \/>\n<span class=\"wpcf7-form-control-wrap\" data-name=\"date-abreise3\"><input class=\"wpcf7-form-control wpcf7-date wpcf7-validates-as-date\" min=\"2026-04-11\" aria-invalid=\"false\" placeholder=\"tt.mm.yyyy\" value=\"\" type=\"date\" name=\"date-abreise3\" \/><\/span><\/label>\n\t\t<\/p>\n\t\t<div class=\"remove\">\n\t\t\t<p>&#xe011;\n\t\t\t<\/p>\n\t\t<\/div>\n\t<\/div>\n\t<div class=\"addzeitraum\">\n\t\t<p>+ Scegliere un periodo alternativo\n\t\t<\/p>\n\t<\/div>\n<\/div>\n<div class=\"wohnung\">\n\t<h2>2. Scegliere appartamento\n\t<\/h2>\n\t<div class=\"wohnung1\">\n\t\t<p><label>Appartamento*<br \/>\n<span class=\"wpcf7-form-control-wrap\" data-name=\"menu-wohnung1\"><select class=\"wpcf7-form-control wpcf7-select wpcf7-validates-as-required\" aria-required=\"true\" aria-invalid=\"false\" name=\"menu-wohnung1\"><option value=\"\">&#8211; Bitte ausw\u00e4hlen &#8211;<\/option><option value=\"Daniel\">Daniel<\/option><option value=\"Elisa\">Elisa<\/option><option value=\"Gabriela\">Gabriela<\/option><option value=\"Georg\">Georg<\/option><\/select><\/span><\/label><br \/>\n<label>Adulti<br \/>\n<span class=\"wpcf7-form-control-wrap\" data-name=\"number-erwachsene1\"><input class=\"wpcf7-form-control wpcf7-number wpcf7-validates-as-number\" min=\"1\" aria-invalid=\"false\" value=\"1\" type=\"number\" name=\"number-erwachsene1\" \/><\/span><\/label><label>Giovani dai 15 anni<br \/>\n<span class=\"wpcf7-form-control-wrap\" data-name=\"number-jugendliche1\"><input class=\"wpcf7-form-control wpcf7-number wpcf7-validates-as-number\" aria-invalid=\"false\" value=\"0\" type=\"number\" name=\"number-jugendliche1\" \/><\/span><\/label><br \/>\n<label>Bambini (3\u201317 anni)<br \/>\n<span class=\"wpcf7-form-control-wrap\" data-name=\"number-kinder1\"><input class=\"wpcf7-form-control wpcf7-number wpcf7-validates-as-number\" aria-invalid=\"false\" value=\"0\" type=\"number\" name=\"number-kinder1\" \/><\/span><\/label><label>Bambini (0\u20132 anni)<br \/>\n<span class=\"wpcf7-form-control-wrap\" data-name=\"number-kleinkinder1\"><input class=\"wpcf7-form-control wpcf7-number wpcf7-validates-as-number\" aria-invalid=\"false\" value=\"0\" type=\"number\" name=\"number-kleinkinder1\" \/><\/span><\/label>\n\t\t<\/p>\n\t<\/div>\n\t<div class=\"wohnung2\">\n\t\t<p><label>Appartamento<br \/>\n<span class=\"wpcf7-form-control-wrap\" data-name=\"menu-wohnung2\"><select class=\"wpcf7-form-control wpcf7-select\" aria-invalid=\"false\" name=\"menu-wohnung2\"><option value=\"\">&#8211; Bitte ausw\u00e4hlen &#8211;<\/option><option value=\"Daniel\">Daniel<\/option><option value=\"Elisa\">Elisa<\/option><option value=\"Gabriela\">Gabriela<\/option><option value=\"Georg\">Georg<\/option><\/select><\/span><\/label><br \/>\n<label>Adulti<br \/>\n<span class=\"wpcf7-form-control-wrap\" data-name=\"number-erwachsene2\"><input class=\"wpcf7-form-control wpcf7-number wpcf7-validates-as-number\" min=\"1\" aria-invalid=\"false\" value=\"1\" type=\"number\" name=\"number-erwachsene2\" \/><\/span><\/label><label>Giovani dai 15 anni<br \/>\n<span class=\"wpcf7-form-control-wrap\" data-name=\"number-jugendliche2\"><input class=\"wpcf7-form-control wpcf7-number wpcf7-validates-as-number\" aria-invalid=\"false\" value=\"0\" type=\"number\" name=\"number-jugendliche2\" \/><\/span><\/label><br \/>\n<label>Bambini (3\u201317 anni)<br \/>\n<span class=\"wpcf7-form-control-wrap\" data-name=\"number-kinder2\"><input class=\"wpcf7-form-control wpcf7-number wpcf7-validates-as-number\" aria-invalid=\"false\" value=\"0\" type=\"number\" name=\"number-kinder2\" \/><\/span><\/label><label>Bambini (0\u20132 anni)<br \/>\n<span class=\"wpcf7-form-control-wrap\" data-name=\"number-kleinkinder2\"><input class=\"wpcf7-form-control wpcf7-number wpcf7-validates-as-number\" aria-invalid=\"false\" value=\"0\" type=\"number\" name=\"number-kleinkinder2\" \/><\/span><\/label>\n\t\t<\/p>\n\t\t<div class=\"remove\">\n\t\t\t<p>&#xe011;\n\t\t\t<\/p>\n\t\t<\/div>\n\t<\/div>\n\t<div class=\"wohnung3\">\n\t\t<p><label>Appartamento<br \/>\n<span class=\"wpcf7-form-control-wrap\" data-name=\"menu-wohnung3\"><select class=\"wpcf7-form-control wpcf7-select\" aria-invalid=\"false\" name=\"menu-wohnung3\"><option value=\"\">&#8211; Bitte ausw\u00e4hlen &#8211;<\/option><option value=\"Daniel\">Daniel<\/option><option value=\"Elisa\">Elisa<\/option><option value=\"Gabriela\">Gabriela<\/option><option value=\"Georg\">Georg<\/option><\/select><\/span><\/label><br \/>\n<label>Adulti<br \/>\n<span class=\"wpcf7-form-control-wrap\" data-name=\"number-erwachsene3\"><input class=\"wpcf7-form-control wpcf7-number wpcf7-validates-as-number\" min=\"1\" aria-invalid=\"false\" value=\"1\" type=\"number\" name=\"number-erwachsene3\" \/><\/span><\/label><label>Giovani dai 15 anni<br \/>\n<span class=\"wpcf7-form-control-wrap\" data-name=\"number-jugendliche3\"><input class=\"wpcf7-form-control wpcf7-number wpcf7-validates-as-number\" aria-invalid=\"false\" value=\"0\" type=\"number\" name=\"number-jugendliche3\" \/><\/span><\/label><br \/>\n<label>Bambini (3\u201317 anni)<br \/>\n<span class=\"wpcf7-form-control-wrap\" data-name=\"number-kinder3\"><input class=\"wpcf7-form-control wpcf7-number wpcf7-validates-as-number\" aria-invalid=\"false\" value=\"0\" type=\"number\" name=\"number-kinder3\" \/><\/span><\/label><label>Bambini (0\u20132 anni)<br \/>\n<span class=\"wpcf7-form-control-wrap\" data-name=\"number-kleinkinder3\"><input class=\"wpcf7-form-control wpcf7-number wpcf7-validates-as-number\" aria-invalid=\"false\" value=\"0\" type=\"number\" name=\"number-kleinkinder3\" \/><\/span><\/label>\n\t\t<\/p>\n\t\t<div class=\"remove\">\n\t\t\t<p>&#xe011;\n\t\t\t<\/p>\n\t\t<\/div>\n\t<\/div>\n\t<div class=\"addwohnung\">\n\t\t<p>+ Aggiungere appartamento supplementare\n\t\t<\/p>\n\t<\/div>\n<\/div>\n<div class=\"persangaben\">\n\t<h2>3. Dati personali\n\t<\/h2>\n\t<p><label>Anrede*<br \/>\n<span class=\"wpcf7-form-control-wrap\" data-name=\"menu-anrede\"><select class=\"wpcf7-form-control wpcf7-select wpcf7-validates-as-required\" aria-required=\"true\" aria-invalid=\"false\" name=\"menu-anrede\"><option value=\"\">&#8211; Bitte ausw\u00e4hlen &#8211;<\/option><option value=\"Sig.\">Sig.<\/option><option value=\"Sig.ra\">Sig.ra<\/option><option value=\"altro\">altro<\/option><\/select><\/span><\/label><label>Nome*<br \/>\n<span class=\"wpcf7-form-control-wrap\" data-name=\"text-vorname\"><input size=\"40\" maxlength=\"400\" class=\"wpcf7-form-control wpcf7-text wpcf7-validates-as-required\" aria-required=\"true\" aria-invalid=\"false\" value=\"\" type=\"text\" name=\"text-vorname\" \/><\/span><\/label><label>Cognome*<br \/>\n<span class=\"wpcf7-form-control-wrap\" data-name=\"text-nachname\"><input size=\"40\" maxlength=\"400\" class=\"wpcf7-form-control wpcf7-text wpcf7-validates-as-required\" aria-required=\"true\" aria-invalid=\"false\" value=\"\" type=\"text\" name=\"text-nachname\" \/><\/span><\/label><br \/>\n<label>Indirizzo<br \/>\n<span class=\"wpcf7-form-control-wrap\" data-name=\"text-adresse\"><input size=\"40\" maxlength=\"400\" class=\"wpcf7-form-control wpcf7-text\" aria-invalid=\"false\" value=\"\" type=\"text\" name=\"text-adresse\" \/><\/span><\/label><label>CAP<br \/>\n<span class=\"wpcf7-form-control-wrap\" data-name=\"text-plz\"><input size=\"40\" maxlength=\"400\" class=\"wpcf7-form-control wpcf7-text\" aria-invalid=\"false\" value=\"\" type=\"text\" name=\"text-plz\" \/><\/span><\/label><label>Localit\u00e0<br \/>\n<span class=\"wpcf7-form-control-wrap\" data-name=\"text-ort\"><input size=\"40\" maxlength=\"400\" class=\"wpcf7-form-control wpcf7-text\" aria-invalid=\"false\" value=\"\" type=\"text\" name=\"text-ort\" \/><\/span><\/label><br \/>\n<label>Paese<br \/>\n<span class=\"wpcf7-form-control-wrap\" data-name=\"text-land\"><input size=\"40\" maxlength=\"400\" class=\"wpcf7-form-control wpcf7-text\" aria-invalid=\"false\" value=\"\" type=\"text\" name=\"text-land\" \/><\/span><\/label><label>Telefono*<br \/>\n<span class=\"wpcf7-form-control-wrap\" data-name=\"tel-telefon\"><input size=\"40\" maxlength=\"400\" class=\"wpcf7-form-control wpcf7-tel wpcf7-validates-as-required wpcf7-text wpcf7-validates-as-tel\" aria-required=\"true\" aria-invalid=\"false\" value=\"\" type=\"tel\" name=\"tel-telefon\" \/><\/span><\/label><label>E-mail*<br \/>\n<span class=\"wpcf7-form-control-wrap\" data-name=\"email-addr\"><input size=\"40\" maxlength=\"400\" class=\"wpcf7-form-control wpcf7-email wpcf7-validates-as-required wpcf7-text wpcf7-validates-as-email\" aria-required=\"true\" aria-invalid=\"false\" value=\"\" type=\"email\" name=\"email-addr\" \/><\/span><\/label><br \/>\n<label>Comunicazioni<br \/>\n<span class=\"wpcf7-form-control-wrap\" data-name=\"textarea-nachricht\"><textarea cols=\"40\" rows=\"10\" maxlength=\"2000\" class=\"wpcf7-form-control wpcf7-textarea\" aria-invalid=\"false\" name=\"textarea-nachricht\"><\/textarea><\/span><\/label>\n\t<\/p>\n<\/div>\n<div class=\"newsletter\">\n\t<p><span class=\"wpcf7-form-control-wrap\" data-name=\"acceptance-newsletter\"><span class=\"wpcf7-form-control wpcf7-acceptance optional\"><span class=\"wpcf7-list-item\"><label><input type=\"checkbox\" name=\"acceptance-newsletter\" value=\"1\" aria-invalid=\"false\" \/><span class=\"wpcf7-list-item-label\">Iscriversi alla newsletter<\/span><\/label><\/span><\/span><\/span>\n\t<\/p>\n<\/div>\n<div class=\"dsgvo\">\n\t<p><span class=\"wpcf7-form-control-wrap\" data-name=\"acceptance-dsgvo\"><span class=\"wpcf7-form-control wpcf7-acceptance\"><span class=\"wpcf7-list-item\"><input type=\"checkbox\" name=\"acceptance-dsgvo\" value=\"1\" aria-invalid=\"false\" \/><\/span><\/span><\/span> Ho letto le norme sul trattamento dei dati e fornisco il mio consenso al trattamento dei miei dati personali\n\t<\/p>\n\t<div class=\"smalltext\">\n\t\t<p>Con la presente acconsente che i suoi dati, cos\u00ec come forniti, possano essere utilizzati per inviarle informazioni sul prodotto, sottoporle offerte commerciali nonch\u00e9 comunicazioni personali. \u00c8 escluso l\u2019inoltro dei suoi dati a terzi. Ha la facolt\u00e0 di poter ritirare il consenso in ogni momento. Pu\u00f2 trovare ulteriori informazioni in merito alla voce \u201c<a href=\"https:\/\/alpedisusi.it\/it\/protezione-dati\/\">Protezione dati<\/a>\u201c.\n\t\t<\/p>\n\t<\/div>\n<\/div>\n<div class=\"absenden\">\n\t<p><input class=\"wpcf7-form-control wpcf7-submit has-spinner\" id=\"abschicken\" type=\"submit\" value=\"Inviare la richiesta\" \/>\n\t<\/p>\n\t<div>\n\t\t<p>*Campo obbligatorio\n\t\t<\/p>\n\t<\/div>\n<\/div><div class=\"wpcf7-response-output\" aria-hidden=\"true\"><\/div>\n<\/form>\n<\/div>\n\n","protected":false},"excerpt":{"rendered":"","protected":false},"author":1,"featured_media":0,"parent":0,"menu_order":30,"comment_status":"closed","ping_status":"closed","template":"","meta":{"_acf_changed":false,"footnotes":""},"class_list":["post-40","page","type-page","status-publish","hentry"],"acf":[],"_links":{"self":[{"href":"https:\/\/alpedisusi.it\/it\/wp-json\/wp\/v2\/pages\/40","targetHints":{"allow":["GET"]}}],"collection":[{"href":"https:\/\/alpedisusi.it\/it\/wp-json\/wp\/v2\/pages"}],"about":[{"href":"https:\/\/alpedisusi.it\/it\/wp-json\/wp\/v2\/types\/page"}],"author":[{"embeddable":true,"href":"https:\/\/alpedisusi.it\/it\/wp-json\/wp\/v2\/users\/1"}],"replies":[{"embeddable":true,"href":"https:\/\/alpedisusi.it\/it\/wp-json\/wp\/v2\/comments?post=40"}],"version-history":[{"count":0,"href":"https:\/\/alpedisusi.it\/it\/wp-json\/wp\/v2\/pages\/40\/revisions"}],"wp:attachment":[{"href":"https:\/\/alpedisusi.it\/it\/wp-json\/wp\/v2\/media?parent=40"}],"curies":[{"name":"wp","href":"https:\/\/api.w.org\/{rel}","templated":true}]}}